{"id":139,"date":"2021-04-11T04:06:28","date_gmt":"2021-04-11T04:06:28","guid":{"rendered":"http:\/\/irza-legal.com\/?page_id=139"},"modified":"2021-06-27T22:32:59","modified_gmt":"2021-06-27T22:32:59","slug":"fernando-rios-rodriguez","status":"publish","type":"page","link":"http:\/\/irza-legal.com\/?page_id=139","title":{"rendered":"Fernando R\u00edos Rodr\u00edguez"},"content":{"rendered":"\n<p><\/p>\n\n\n\n<p>Despacho<\/p>\n\n\n\n<div class=\"wp-block-columns\">\n<div class=\"wp-block-column\" style=\"flex-basis:33.33%\">\n<ul><li><a href=\"http:\/\/irza-legal.com\/?page_id=35\" data-type=\"URL\" data-id=\"http:\/\/irza-legal.com\/?page_id=35\">Ignacio Rodr\u00edguez Zapata<\/a><\/li><li><a href=\"http:\/\/irza-legal.com\/?page_id=139\" data-type=\"URL\" data-id=\"http:\/\/irza-legal.com\/?page_id=139\">Fernando R\u00edos Rodr\u00edguez<\/a><\/li><li><a href=\"http:\/\/irza-legal.com\/?page_id=149\" data-type=\"URL\" data-id=\"http:\/\/irza-legal.com\/?page_id=149\">Gabriela Hern\u00e1ndez Pineda<\/a><\/li><li><a href=\"http:\/\/irza-legal.com\/?page_id=157\" data-type=\"URL\" data-id=\"http:\/\/irza-legal.com\/?page_id=157\">Javier Sol\u00eds Valdez<\/a><\/li><\/ul>\n<\/div>\n\n\n\n<div class=\"wp-block-column\" style=\"flex-basis:66.66%\">\n<div class=\"wp-block-image\"><figure class=\"aligncenter size-large\"><img loading=\"lazy\" width=\"400\" height=\"300\" src=\"http:\/\/irza-legal.com\/wp-content\/uploads\/2021\/04\/Fernando.jpg\" alt=\"\" class=\"wp-image-164\" srcset=\"http:\/\/irza-legal.com\/wp-content\/uploads\/2021\/04\/Fernando.jpg 400w, http:\/\/irza-legal.com\/wp-content\/uploads\/2021\/04\/Fernando-300x225.jpg 300w\" sizes=\"(max-width: 400px) 100vw, 400px\" \/><figcaption>fernando@irza-legal.com<\/figcaption><\/figure><\/div>\n\n\n\n<p><\/p>\n<\/div>\n<\/div>\n\n\n\n<p><\/p>\n\n\n\n<p>Socio<br><\/p>\n\n\n\n<p>En cuanto a su experiencia laboral, cuenta con m\u00e1s de diez a\u00f1os en el ejercicio de la profesi\u00f3n colaborando como abogado en diversos despachos jur\u00eddicos importantes del Estado de Guerrero especializados en litigio en materia laboral.<\/p>\n\n\n\n<p>Con toda esta experiencia, el licenciado Fernando R\u00edos Rodr\u00edguez es el Director de la Firma, colaborando con la estrategia de defensa en los diferentes juicios laborales que tiene asignados, tambi\u00e9n de la atenci\u00f3n de las m\u00faltiples audiencias que se suscitan en los procedimientos obrero-patronales. Asimismo, participa en la negociaci\u00f3n y celebraci\u00f3n de convenios laborales. Y desde luego, en la formulaci\u00f3n de amparos directos e indirectos, contestaciones de demanda, incidentes, pruebas y dem\u00e1s escritos que tienen que ser presentados en los procesos laborales.<\/p>\n\n\n\n<p>Formaci\u00f3n<\/p>\n\n\n\n<p>2019 &#8211; Curso en reforma laboral 2019 (Instituto Superior de Estudios Fiscales)<br>2016 &#8211; Jornadas de Justicia Laboral (Instituto de la Judicatura Federal)<br>2015 &#8211; Seminarios de actualizaci\u00f3n de jurisprudencia laboral, (Escuela Judicial del Instituto de la Judicatura Federal)<br>2011 &#8211; Licenciatura en Derecho (Universidad Aut\u00f3noma de Guerrero)<\/p>\n\n\n\n<p><\/p>\n","protected":false},"excerpt":{"rendered":"<p>Despacho Ignacio Rodr\u00edguez Zapata Fernando R\u00edos Rodr\u00edguez Gabriela Hern\u00e1ndez Pineda Javier Sol\u00eds Valdez Socio En cuanto a su experiencia laboral, cuenta con m\u00e1s de diez a\u00f1os en el ejercicio de la profesi\u00f3n colaborando como abogado en diversos despachos jur\u00eddicos importantes del Estado de Guerrero especializados en litigio en materia laboral. Con toda esta experiencia, el &hellip;<\/p>\n<p class=\"read-more\"> <a class=\"\" href=\"http:\/\/irza-legal.com\/?page_id=139\"> <span class=\"screen-reader-text\">Fernando R\u00edos Rodr\u00edguez<\/span> Leer m\u00e1s &raquo;<\/a><\/p>\n","protected":false},"author":1,"featured_media":0,"parent":0,"menu_order":0,"comment_status":"closed","ping_status":"closed","template":"","meta":[],"_links":{"self":[{"href":"http:\/\/irza-legal.com\/index.php?rest_route=\/wp\/v2\/pages\/139"}],"collection":[{"href":"http:\/\/irza-legal.com\/index.php?rest_route=\/wp\/v2\/pages"}],"about":[{"href":"http:\/\/irza-legal.com\/index.php?rest_route=\/wp\/v2\/types\/page"}],"author":[{"embeddable":true,"href":"http:\/\/irza-legal.com\/index.php?rest_route=\/wp\/v2\/users\/1"}],"replies":[{"embeddable":true,"href":"http:\/\/irza-legal.com\/index.php?rest_route=%2Fwp%2Fv2%2Fcomments&post=139"}],"version-history":[{"count":5,"href":"http:\/\/irza-legal.com\/index.php?rest_route=\/wp\/v2\/pages\/139\/revisions"}],"predecessor-version":[{"id":213,"href":"http:\/\/irza-legal.com\/index.php?rest_route=\/wp\/v2\/pages\/139\/revisions\/213"}],"wp:attachment":[{"href":"http:\/\/irza-legal.com\/index.php?rest_route=%2Fwp%2Fv2%2Fmedia&parent=139"}],"curies":[{"name":"wp","href":"https:\/\/api.w.org\/{rel}","templated":true}]}}