{"id":149,"date":"2021-04-17T02:08:53","date_gmt":"2021-04-17T02:08:53","guid":{"rendered":"http:\/\/irza-legal.com\/?page_id=149"},"modified":"2021-06-21T02:19:23","modified_gmt":"2021-06-21T02:19:23","slug":"gabriela-hernandez-pineda","status":"publish","type":"page","link":"http:\/\/irza-legal.com\/?page_id=149","title":{"rendered":"Gabriela Hern\u00e1ndez Pineda"},"content":{"rendered":"\n<p><\/p>\n\n\n\n<p>Despacho<\/p>\n\n\n\n<div class=\"wp-block-columns\">\n<div class=\"wp-block-column\" style=\"flex-basis:33.33%\">\n<ul><li><a href=\"http:\/\/irza-legal.com\/?page_id=35\"><span class=\"has-inline-color has-black-color\">Ignacio Rodr\u00edguez Zapata<\/span><\/a><\/li><li><a href=\"http:\/\/irza-legal.com\/?page_id=139\" data-type=\"URL\" data-id=\"http:\/\/irza-legal.com\/?page_id=139\">Fernando R\u00edos Rodr\u00edguez<\/a><\/li><li><a href=\"http:\/\/irza-legal.com\/?page_id=149\" data-type=\"URL\" data-id=\"http:\/\/irza-legal.com\/?page_id=149\">Gabriela Hern\u00e1ndez Pineda<\/a><\/li><li><a href=\"http:\/\/irza-legal.com\/?page_id=157\" data-type=\"URL\" data-id=\"http:\/\/irza-legal.com\/?page_id=157\">Javier Sol\u00eds Valdez<\/a><\/li><\/ul>\n\n\n\n<p><\/p>\n<\/div>\n\n\n\n<div class=\"wp-block-column\" style=\"flex-basis:66.66%\">\n<div class=\"wp-block-image\"><figure class=\"aligncenter size-large\"><img loading=\"lazy\" width=\"400\" height=\"300\" src=\"http:\/\/irza-legal.com\/wp-content\/uploads\/2021\/04\/Gabriela.jpg\" alt=\"\" class=\"wp-image-162\" srcset=\"http:\/\/irza-legal.com\/wp-content\/uploads\/2021\/04\/Gabriela.jpg 400w, http:\/\/irza-legal.com\/wp-content\/uploads\/2021\/04\/Gabriela-300x225.jpg 300w\" sizes=\"(max-width: 400px) 100vw, 400px\" \/><figcaption>gabriela@irza-legal.com<\/figcaption><\/figure><\/div>\n\n\n\n<p><\/p>\n<\/div>\n<\/div>\n\n\n\n<p><\/p>\n\n\n\n<p>Socio<br><\/p>\n\n\n\n<p>Inici\u00f3 su ejercicio profesional en el a\u00f1o 2016 en el \u00e1mbito del Litigio especializado en Derecho del trabajo, para posteriormente a partir de Enero de 2019 incorporarse como abogado de esta firma, participando al d\u00eda de hoy activamente en la defensa en los diferentes juicios laborales que tiene asignados, tambi\u00e9n en la atenci\u00f3n de las m\u00faltiples audiencias que se suscitan en los procedimientos obrero-patronales y es enlace de litigio con firmas importantes de otros Estados de la Rep\u00fablica y de Ciudad de M\u00e9xico con los que el despacho tiene corresponsal\u00edas.<\/p>\n\n\n\n<p>Formaci\u00f3n<\/p>\n\n\n\n<p>2019 &#8211; Curso Reforma Laboral 2019 (Instituto Superior de Estudios Fiscales)<br>2015 &#8211; Licenciatura en Derecho (Universidad Interamericana para el Desarrollo)<br>2015 &#8211; Conferencia Magistral \u201cMedios de Defensa en Materia de Seguridad Social\u201d. (Casa de la Cultura Jur\u00eddica, Consejo de la Judicatura Federal)<br>2015 &#8211; Videoconferencia: Presentaci\u00f3n de Cr\u00f3nicas, Testigos Protegidos. (Casa de la Cultura Jur\u00eddica, Consejo de la Judicatura Federal)<br>2015 &#8211; Seminario de Argumentaci\u00f3n Jur\u00eddica, M\u00f3dulo IV. (Casa de la Cultura Jur\u00eddica, Consejo de la Judicatura Federal)<\/p>\n","protected":false},"excerpt":{"rendered":"<p>Despacho Ignacio Rodr\u00edguez Zapata Fernando R\u00edos Rodr\u00edguez Gabriela Hern\u00e1ndez Pineda Javier Sol\u00eds Valdez Socio Inici\u00f3 su ejercicio profesional en el a\u00f1o 2016 en el \u00e1mbito del Litigio especializado en Derecho del trabajo, para posteriormente a partir de Enero de 2019 incorporarse como abogado de esta firma, participando al d\u00eda de hoy activamente en la defensa &hellip;<\/p>\n<p class=\"read-more\"> <a class=\"\" href=\"http:\/\/irza-legal.com\/?page_id=149\"> <span class=\"screen-reader-text\">Gabriela Hern\u00e1ndez Pineda<\/span> Leer m\u00e1s &raquo;<\/a><\/p>\n","protected":false},"author":1,"featured_media":0,"parent":0,"menu_order":0,"comment_status":"closed","ping_status":"closed","template":"","meta":[],"_links":{"self":[{"href":"http:\/\/irza-legal.com\/index.php?rest_route=\/wp\/v2\/pages\/149"}],"collection":[{"href":"http:\/\/irza-legal.com\/index.php?rest_route=\/wp\/v2\/pages"}],"about":[{"href":"http:\/\/irza-legal.com\/index.php?rest_route=\/wp\/v2\/types\/page"}],"author":[{"embeddable":true,"href":"http:\/\/irza-legal.com\/index.php?rest_route=\/wp\/v2\/users\/1"}],"replies":[{"embeddable":true,"href":"http:\/\/irza-legal.com\/index.php?rest_route=%2Fwp%2Fv2%2Fcomments&post=149"}],"version-history":[{"count":7,"href":"http:\/\/irza-legal.com\/index.php?rest_route=\/wp\/v2\/pages\/149\/revisions"}],"predecessor-version":[{"id":200,"href":"http:\/\/irza-legal.com\/index.php?rest_route=\/wp\/v2\/pages\/149\/revisions\/200"}],"wp:attachment":[{"href":"http:\/\/irza-legal.com\/index.php?rest_route=%2Fwp%2Fv2%2Fmedia&parent=149"}],"curies":[{"name":"wp","href":"https:\/\/api.w.org\/{rel}","templated":true}]}}