{"id":157,"date":"2021-04-17T02:22:02","date_gmt":"2021-04-17T02:22:02","guid":{"rendered":"http:\/\/irza-legal.com\/?page_id=157"},"modified":"2021-06-21T02:20:49","modified_gmt":"2021-06-21T02:20:49","slug":"javier-solis-valdez","status":"publish","type":"page","link":"http:\/\/irza-legal.com\/?page_id=157","title":{"rendered":"Javier Sol\u00eds Valdez"},"content":{"rendered":"\n<p><\/p>\n\n\n\n<p>Despacho<\/p>\n\n\n\n<div class=\"wp-block-columns\">\n<div class=\"wp-block-column\" style=\"flex-basis:33.33%\">\n<ul><li><a href=\"http:\/\/irza-legal.com\/?page_id=35\"><span class=\"has-inline-color has-black-color\">Ignacio Rodr\u00edguez Zapata<\/span><\/a><\/li><li><a href=\"http:\/\/irza-legal.com\/?page_id=139\" data-type=\"URL\" data-id=\"http:\/\/irza-legal.com\/?page_id=139\">Fernando R\u00edos Rodr\u00edguez<\/a><\/li><li><a href=\"http:\/\/irza-legal.com\/?page_id=149\" data-type=\"URL\" data-id=\"http:\/\/irza-legal.com\/?page_id=149\">Gabriela Hern\u00e1ndez Pineda<\/a><\/li><li><a href=\"http:\/\/irza-legal.com\/?page_id=157\" data-type=\"URL\" data-id=\"http:\/\/irza-legal.com\/?page_id=157\">Javier Sol\u00eds Valdez<\/a><\/li><\/ul>\n<\/div>\n\n\n\n<div class=\"wp-block-column\" style=\"flex-basis:66.66%\">\n<div class=\"wp-block-image\"><figure class=\"aligncenter size-large\"><img loading=\"lazy\" width=\"400\" height=\"300\" src=\"http:\/\/irza-legal.com\/wp-content\/uploads\/2021\/04\/Javier.jpg\" alt=\"\" class=\"wp-image-160\" srcset=\"http:\/\/irza-legal.com\/wp-content\/uploads\/2021\/04\/Javier.jpg 400w, http:\/\/irza-legal.com\/wp-content\/uploads\/2021\/04\/Javier-300x225.jpg 300w\" sizes=\"(max-width: 400px) 100vw, 400px\" \/><figcaption>javier@irza-legal.com<\/figcaption><\/figure><\/div>\n\n\n\n<p><\/p>\n<\/div>\n<\/div>\n\n\n\n<p><\/p>\n\n\n\n<p>Socio<br><\/p>\n\n\n\n<p>Inici\u00f3 su ejercicio profesional en el \u00e1mbito del Derecho laboral en un Tribunal del Trabajo, con sede en Acapulco, Guerrero de Febrero 2017 hasta Diciembre 2018 en el \u00e1rea de Secretar\u00eda de Acuerdos, para posteriormente a partir de Enero de 2019 incorporarse como abogado de la firma, participando activamente en la defensa en los diferentes juicios laborales que tiene asignados, tambi\u00e9n en la atenci\u00f3n de las m\u00faltiples audiencias que se suscitan en los procedimientos obrero-patronales.<\/p>\n\n\n\n<p>Formaci\u00f3n<\/p>\n\n\n\n<p>2019 &#8211; Maestr\u00eda en derecho laboral y seguridad social (Instituto Internacional del Derecho y del Estado)<br>2019 &#8211; Curso en reforma laboral 2019 (Instituto Superior de Estudios Fiscales)<br>2016 &#8211; Licenciatura en Derecho (Universidad Aut\u00f3noma de Guerrero)<\/p>\n","protected":false},"excerpt":{"rendered":"<p>Despacho Ignacio Rodr\u00edguez Zapata Fernando R\u00edos Rodr\u00edguez Gabriela Hern\u00e1ndez Pineda Javier Sol\u00eds Valdez Socio Inici\u00f3 su ejercicio profesional en el \u00e1mbito del Derecho laboral en un Tribunal del Trabajo, con sede en Acapulco, Guerrero de Febrero 2017 hasta Diciembre 2018 en el \u00e1rea de Secretar\u00eda de Acuerdos, para posteriormente a partir de Enero de 2019 &hellip;<\/p>\n<p class=\"read-more\"> <a class=\"\" href=\"http:\/\/irza-legal.com\/?page_id=157\"> <span class=\"screen-reader-text\">Javier Sol\u00eds Valdez<\/span> Leer m\u00e1s &raquo;<\/a><\/p>\n","protected":false},"author":1,"featured_media":0,"parent":0,"menu_order":0,"comment_status":"closed","ping_status":"closed","template":"","meta":[],"_links":{"self":[{"href":"http:\/\/irza-legal.com\/index.php?rest_route=\/wp\/v2\/pages\/157"}],"collection":[{"href":"http:\/\/irza-legal.com\/index.php?rest_route=\/wp\/v2\/pages"}],"about":[{"href":"http:\/\/irza-legal.com\/index.php?rest_route=\/wp\/v2\/types\/page"}],"author":[{"embeddable":true,"href":"http:\/\/irza-legal.com\/index.php?rest_route=\/wp\/v2\/users\/1"}],"replies":[{"embeddable":true,"href":"http:\/\/irza-legal.com\/index.php?rest_route=%2Fwp%2Fv2%2Fcomments&post=157"}],"version-history":[{"count":4,"href":"http:\/\/irza-legal.com\/index.php?rest_route=\/wp\/v2\/pages\/157\/revisions"}],"predecessor-version":[{"id":201,"href":"http:\/\/irza-legal.com\/index.php?rest_route=\/wp\/v2\/pages\/157\/revisions\/201"}],"wp:attachment":[{"href":"http:\/\/irza-legal.com\/index.php?rest_route=%2Fwp%2Fv2%2Fmedia&parent=157"}],"curies":[{"name":"wp","href":"https:\/\/api.w.org\/{rel}","templated":true}]}}