{"id":35,"date":"2020-09-08T03:02:01","date_gmt":"2020-09-08T03:02:01","guid":{"rendered":"http:\/\/irza-legal.com\/?page_id=35"},"modified":"2021-04-18T06:05:51","modified_gmt":"2021-04-18T06:05:51","slug":"ignacio-rodriguez-zapata","status":"publish","type":"page","link":"http:\/\/irza-legal.com\/?page_id=35","title":{"rendered":"Ignacio Rodr\u00edguez Zapata"},"content":{"rendered":"\n<p><\/p>\n\n\n\n<p>Despacho<\/p>\n\n\n\n<div class=\"wp-block-columns\">\n<div class=\"wp-block-column\" style=\"flex-basis:33.33%\">\n<ul><li><a href=\"http:\/\/irza-legal.com\/?page_id=35\"><span class=\"has-inline-color has-black-color\">Ignacio Rodr\u00edguez Zapata<\/span><\/a><\/li><li><a href=\"http:\/\/irza-legal.com\/?page_id=139\" data-type=\"URL\" data-id=\"http:\/\/irza-legal.com\/?page_id=139\">Fernando R\u00edos Rodr\u00edguez<\/a><\/li><li><a href=\"http:\/\/irza-legal.com\/?page_id=149\" data-type=\"URL\" data-id=\"http:\/\/irza-legal.com\/?page_id=149\">Gabriela Hern\u00e1ndez Pineda<\/a><\/li><li><a href=\"http:\/\/irza-legal.com\/?page_id=157\" data-type=\"URL\" data-id=\"http:\/\/irza-legal.com\/?page_id=157\">Javier Sol\u00eds Valdez<\/a><\/li><\/ul>\n<\/div>\n\n\n\n<div class=\"wp-block-column\" style=\"flex-basis:66.66%\">\n<div class=\"wp-block-image\"><figure class=\"aligncenter size-large is-resized\"><img loading=\"lazy\" src=\"http:\/\/irza-legal.com\/wp-content\/uploads\/2020\/09\/Ignacio-2.jpg\" alt=\"\" class=\"wp-image-94\" width=\"373\" height=\"255\" srcset=\"http:\/\/irza-legal.com\/wp-content\/uploads\/2020\/09\/Ignacio-2.jpg 497w, http:\/\/irza-legal.com\/wp-content\/uploads\/2020\/09\/Ignacio-2-300x205.jpg 300w\" sizes=\"(max-width: 373px) 100vw, 373px\" \/><figcaption>ignacio@irza-legal.com<\/figcaption><\/figure><\/div>\n\n\n\n<div class=\"wp-block-image\"><figure class=\"aligncenter size-large\"><a href=\"https:\/\/www.facebook.com\/profile.php?id=100053935897122\" target=\"_blank\" rel=\"noopener noreferrer\"><img loading=\"lazy\" width=\"31\" height=\"32\" src=\"http:\/\/irza-legal.com\/wp-content\/uploads\/2021\/04\/face.png\" alt=\"\" class=\"wp-image-192\"\/><\/a><\/figure><\/div>\n<\/div>\n<\/div>\n\n\n\n<p><\/p>\n\n\n\n<p><\/p>\n\n\n\n<p>Socio<br>Ignacio cuenta con una experiencia de m\u00e1s de quince a\u00f1os ejerciendo como abogado especializado en Derecho Laboral. A lo largo de esos a\u00f1os, Ignacio ha asesorado a clientes en conflictos obrero patronales de distintas procedencias y sectores (banca y seguros, construcci\u00f3n y obras p\u00fablicas, electr\u00f3nica y software, educaci\u00f3n y formaci\u00f3n, hoteles y ocio, juego, inmobiliaria, productos qu\u00edmicos y telecomunicaciones, envasadoras refresqueras, restaurantes, consorcios comerciales, telefon\u00eda, hidrocarburos, maquiladoras, textiles, azucareras, seguridad privada, entre otros).<\/p>\n\n\n\n<p>Formaci\u00f3n<br>2020 &#8211; Curso especializaci\u00f3n de la Reforma Laboral del 1 de mayo de 2019 (I y II, IJF)<br>2019 &#8211; Curso en reforma laboral 2019 (Instituto Superior de Estudios Fiscales)<br>2019 &#8211; Diplomado Fiscal (CapFiscal la capacitaci\u00f3n de M\u00e9xico)<br>2017 &#8211; T\u00e9cnicas de negociaci\u00f3n para abogados (Hakham Ingenier\u00eda y Consultor\u00eda)<br>2017 &#8211; IV Congreso SMTDSS \u201cEvoluci\u00f3n del Derecho Mexicano del Trabajo\u201d<br>2017 &#8211; X Congreso nacional de Derecho Burocr\u00e1tico de la AMDTPS<br>2016 &#8211; Jornadas de Justicia Laboral (Instituto de la Judicatura Federal)<br>2015 &#8211; Maestr\u00eda en Derecho Laboral (Instituto Internacional del Derecho y del Estado)<br>2015 &#8211; Jornadas de actualizaci\u00f3n sobre jurisprudencia en materia laboral (Instituto de la Judicatura Federal)<br>2015 &#8211; Protecci\u00f3n contra demandas laborales en el sector indistrial (Industrial Training)<br>2012 &#8211; Taller de Amparo Indirecto laboral (Suprema Corte de Justicia de la Naci\u00f3n)<br>2003 &#8211; Licenciatura en Derecho (Universidad Loyola del Pac\u00edfico, Sistema Ibero-Iteso)<br>2002 &#8211; Diplomado en Derecho Laboral (Universidad Nacional Aut\u00f3noma de M\u00e9xico)<br>1998 &#8211; Participaci\u00f3n en el Simposium \u201cEl desarrollo de la mujer en el \u00e1mbito jur\u00eddico\u201d<\/p>\n\n\n\n<p>Pertenencia a asociaciones profesionales de otro tipo<\/p>\n\n\n\n<p>2015 &#8211; Colegio de Abogados del Estado de Guerrero<\/p>\n\n\n\n<p>Idiomas<br>Espa\u00f1ol e Ingl\u00e9s<\/p>\n","protected":false},"excerpt":{"rendered":"<p>Despacho Ignacio Rodr\u00edguez Zapata Fernando R\u00edos Rodr\u00edguez Gabriela Hern\u00e1ndez Pineda Javier Sol\u00eds Valdez SocioIgnacio cuenta con una experiencia de m\u00e1s de quince a\u00f1os ejerciendo como abogado especializado en Derecho Laboral. A lo largo de esos a\u00f1os, Ignacio ha asesorado a clientes en conflictos obrero patronales de distintas procedencias y sectores (banca y seguros, construcci\u00f3n y &hellip;<\/p>\n<p class=\"read-more\"> <a class=\"\" href=\"http:\/\/irza-legal.com\/?page_id=35\"> <span class=\"screen-reader-text\">Ignacio Rodr\u00edguez Zapata<\/span> Leer m\u00e1s &raquo;<\/a><\/p>\n","protected":false},"author":1,"featured_media":0,"parent":0,"menu_order":0,"comment_status":"closed","ping_status":"closed","template":"","meta":[],"_links":{"self":[{"href":"http:\/\/irza-legal.com\/index.php?rest_route=\/wp\/v2\/pages\/35"}],"collection":[{"href":"http:\/\/irza-legal.com\/index.php?rest_route=\/wp\/v2\/pages"}],"about":[{"href":"http:\/\/irza-legal.com\/index.php?rest_route=\/wp\/v2\/types\/page"}],"author":[{"embeddable":true,"href":"http:\/\/irza-legal.com\/index.php?rest_route=\/wp\/v2\/users\/1"}],"replies":[{"embeddable":true,"href":"http:\/\/irza-legal.com\/index.php?rest_route=%2Fwp%2Fv2%2Fcomments&post=35"}],"version-history":[{"count":25,"href":"http:\/\/irza-legal.com\/index.php?rest_route=\/wp\/v2\/pages\/35\/revisions"}],"predecessor-version":[{"id":195,"href":"http:\/\/irza-legal.com\/index.php?rest_route=\/wp\/v2\/pages\/35\/revisions\/195"}],"wp:attachment":[{"href":"http:\/\/irza-legal.com\/index.php?rest_route=%2Fwp%2Fv2%2Fmedia&parent=35"}],"curies":[{"name":"wp","href":"https:\/\/api.w.org\/{rel}","templated":true}]}}