{"id":41,"date":"2020-09-08T03:08:07","date_gmt":"2020-09-08T03:08:07","guid":{"rendered":"http:\/\/irza-legal.com\/?page_id=41"},"modified":"2021-06-21T02:48:48","modified_gmt":"2021-06-21T02:48:48","slug":"quienes-somos-2","status":"publish","type":"page","link":"http:\/\/irza-legal.com\/?page_id=41","title":{"rendered":"Quienes Somos"},"content":{"rendered":"\n<figure class=\"wp-block-image alignwide size-large\"><img loading=\"lazy\" width=\"400\" height=\"300\" src=\"http:\/\/irza-legal.com\/wp-content\/uploads\/2021\/06\/imgqs.jpg\" alt=\"\" class=\"wp-image-203\" srcset=\"http:\/\/irza-legal.com\/wp-content\/uploads\/2021\/06\/imgqs.jpg 400w, http:\/\/irza-legal.com\/wp-content\/uploads\/2021\/06\/imgqs-300x225.jpg 300w\" sizes=\"(max-width: 400px) 100vw, 400px\" \/><\/figure>\n\n\n\n<p>Somos una firma de abogados especialistas en derecho del trabajo y con presencia en todo el estado de Guerrero. Nuestras oficinas se encuentran en la ciudad de Acapulco, Guerrero y proporcionamos los siguientes servicios:<\/p>\n\n\n\n<p><strong>Nuestros Servicios<\/strong><\/p>\n\n\n\n<ul><li>Atenci\u00f3n de citas conciliatorias en los Centros de Conciliaci\u00f3n y Registro Laboral.<\/li><li>Seguimiento total y adecuado de cada uno de los juicios individuales que se encomienden a este firma y en los que la empresa sea parte, incluyendo comparecencia a las audiencias ante los Tribunales del Trabajo, contestaciones de demanda, ofrecimiento y desahogo de pruebas, desahogo de incidentes, diligencias actuariales, la interposici\u00f3n de los recursos necesarios para su defensa ante los Tribunales de Amparo.<\/li><li>Asesor\u00eda preventiva y correctiva ante las problem\u00e1ticas que se susciten en el devenir de las relaciones individuales de trabajo.<\/li><li>Comparecencias que correspondan ante las Autoridades del Trabajo a efectos de llevar acabo convenios fuera de juicio y\/o liquidaci\u00f3n de trabajadores ante dichas autoridades.<\/li><li>Atenci\u00f3n de inspecciones de autoridades del Trabajo, como la Secretaria del Trabajo y Previsi\u00f3n Social.<\/li><li>Informes de todas y cada una de las actividades que se realicen en representaci\u00f3n y defensa de nuestros clientes.<\/li><li>Contacto permanente con el cliente a efectos de informar en forma directa de las actividades a realizar y adoptar en coordinaci\u00f3n con ellos las estrategias convenientes.<\/li><li>Contacto y comunicaci\u00f3n personalizada para atenci\u00f3n de las problem\u00e1ticas que correspondan, acudiendo directamente a cada centro de trabajo que sea necesario, Inclusive para entregar y recabar la documentaci\u00f3n e informaci\u00f3n necesarias para la correcta atenci\u00f3n e integraci\u00f3n de la defensa y pruebas en los juicios correspondientes.<\/li><\/ul>\n\n\n\n<p><\/p>\n\n\n\n<p><\/p>\n","protected":false},"excerpt":{"rendered":"<p>Somos una firma de abogados especialistas en derecho del trabajo y con presencia en todo el estado de Guerrero. Nuestras oficinas se encuentran en la ciudad de Acapulco, Guerrero y proporcionamos los siguientes servicios: Nuestros Servicios Atenci\u00f3n de citas conciliatorias en los Centros de Conciliaci\u00f3n y Registro Laboral. Seguimiento total y adecuado de cada uno &hellip;<\/p>\n<p class=\"read-more\"> <a class=\"\" href=\"http:\/\/irza-legal.com\/?page_id=41\"> <span class=\"screen-reader-text\">Quienes Somos<\/span> Leer m\u00e1s &raquo;<\/a><\/p>\n","protected":false},"author":1,"featured_media":0,"parent":0,"menu_order":0,"comment_status":"closed","ping_status":"closed","template":"","meta":[],"_links":{"self":[{"href":"http:\/\/irza-legal.com\/index.php?rest_route=\/wp\/v2\/pages\/41"}],"collection":[{"href":"http:\/\/irza-legal.com\/index.php?rest_route=\/wp\/v2\/pages"}],"about":[{"href":"http:\/\/irza-legal.com\/index.php?rest_route=\/wp\/v2\/types\/page"}],"author":[{"embeddable":true,"href":"http:\/\/irza-legal.com\/index.php?rest_route=\/wp\/v2\/users\/1"}],"replies":[{"embeddable":true,"href":"http:\/\/irza-legal.com\/index.php?rest_route=%2Fwp%2Fv2%2Fcomments&post=41"}],"version-history":[{"count":8,"href":"http:\/\/irza-legal.com\/index.php?rest_route=\/wp\/v2\/pages\/41\/revisions"}],"predecessor-version":[{"id":204,"href":"http:\/\/irza-legal.com\/index.php?rest_route=\/wp\/v2\/pages\/41\/revisions\/204"}],"wp:attachment":[{"href":"http:\/\/irza-legal.com\/index.php?rest_route=%2Fwp%2Fv2%2Fmedia&parent=41"}],"curies":[{"name":"wp","href":"https:\/\/api.w.org\/{rel}","templated":true}]}}