{"id":43,"date":"2020-09-08T03:08:45","date_gmt":"2020-09-08T03:08:45","guid":{"rendered":"http:\/\/irza-legal.com\/?page_id=43"},"modified":"2021-06-21T02:52:04","modified_gmt":"2021-06-21T02:52:04","slug":"nuestro-servicios","status":"publish","type":"page","link":"http:\/\/irza-legal.com\/?page_id=43","title":{"rendered":"Nuestros Clientes"},"content":{"rendered":"\n<figure class=\"wp-block-image alignwide size-large\"><img loading=\"lazy\" width=\"400\" height=\"300\" src=\"http:\/\/irza-legal.com\/wp-content\/uploads\/2021\/06\/imgnc.jpg\" alt=\"\" class=\"wp-image-205\" srcset=\"http:\/\/irza-legal.com\/wp-content\/uploads\/2021\/06\/imgnc.jpg 400w, http:\/\/irza-legal.com\/wp-content\/uploads\/2021\/06\/imgnc-300x225.jpg 300w\" sizes=\"(max-width: 400px) 100vw, 400px\" \/><\/figure>\n\n\n\n<p><strong>Defensas que han conformado:<\/strong><\/p>\n\n\n\n<p>A lo largo de una experiencia profesional en diversas firmas y corporativos jur\u00eddicos en las que han colaborado, los miembros de la firma han conformado la defensa de distintas empresas en el Estado de Guerrero y fuera de \u00e9ste, en distintos sectores tales como:<\/p>\n\n\n\n<p>Alimenticio<br>Automotriz<br>Aviaci\u00f3n<br>Cementero<br>Construcci\u00f3n<br>Comunicaciones<br>Educaci\u00f3n<br>Farmac\u00e9utico<br>Gastron\u00f3mico y Hotelero<br>Inmobiliario<br>Servicios<\/p>\n\n\n\n<p><strong>Asociaciones:<\/strong><\/p>\n\n\n\n<p>De igual forma, colaboramos corresponsal\u00edas de prestigiadas firmas de abogados de la ciudad de M\u00e9xico y otras entidades de la rep\u00fablica mexicana.<\/p>\n\n\n\n<p><strong>Actualmente estamos a cargo de asesor\u00eda y defensa de las siguientes empresas:<\/strong><\/p>\n\n\n\n<p>Pepsi<br>Coppel<br>Electropura<br>Gatorade<br>Grupo Inditex (ZARA, BERSHKA, OYSHO, PULL &amp; BEAR)<br>Inter Con, Servicios en Seguridad Privada<br>Dish<br>Transportes Kugar<br>Sukarne<br>Maxi Prenda Casas de Empe\u00f1o<br>Centro de Investigaci\u00f3n Cl\u00ednica del Pac\u00edfico<br>Greganthi (sector de outsourcing)<br>Comdire (sector de outsourcing)<br>Servicios Modernos Acapulco (sector gasolinero)<br>Blancos Sampedro (ramo textil)<br>Residencial Tres Vidas Acapulco (ramo inmobiliario)<\/p>\n","protected":false},"excerpt":{"rendered":"<p>Defensas que han conformado: A lo largo de una experiencia profesional en diversas firmas y corporativos jur\u00eddicos en las que han colaborado, los miembros de la firma han conformado la defensa de distintas empresas en el Estado de Guerrero y fuera de \u00e9ste, en distintos sectores tales como: AlimenticioAutomotrizAviaci\u00f3nCementeroConstrucci\u00f3nComunicacionesEducaci\u00f3nFarmac\u00e9uticoGastron\u00f3mico y HoteleroInmobiliarioServicios Asociaciones: De igual forma, &hellip;<\/p>\n<p class=\"read-more\"> <a class=\"\" href=\"http:\/\/irza-legal.com\/?page_id=43\"> <span class=\"screen-reader-text\">Nuestros Clientes<\/span> Leer m\u00e1s &raquo;<\/a><\/p>\n","protected":false},"author":1,"featured_media":0,"parent":0,"menu_order":0,"comment_status":"closed","ping_status":"closed","template":"","meta":[],"_links":{"self":[{"href":"http:\/\/irza-legal.com\/index.php?rest_route=\/wp\/v2\/pages\/43"}],"collection":[{"href":"http:\/\/irza-legal.com\/index.php?rest_route=\/wp\/v2\/pages"}],"about":[{"href":"http:\/\/irza-legal.com\/index.php?rest_route=\/wp\/v2\/types\/page"}],"author":[{"embeddable":true,"href":"http:\/\/irza-legal.com\/index.php?rest_route=\/wp\/v2\/users\/1"}],"replies":[{"embeddable":true,"href":"http:\/\/irza-legal.com\/index.php?rest_route=%2Fwp%2Fv2%2Fcomments&post=43"}],"version-history":[{"count":5,"href":"http:\/\/irza-legal.com\/index.php?rest_route=\/wp\/v2\/pages\/43\/revisions"}],"predecessor-version":[{"id":206,"href":"http:\/\/irza-legal.com\/index.php?rest_route=\/wp\/v2\/pages\/43\/revisions\/206"}],"wp:attachment":[{"href":"http:\/\/irza-legal.com\/index.php?rest_route=%2Fwp%2Fv2%2Fmedia&parent=43"}],"curies":[{"name":"wp","href":"https:\/\/api.w.org\/{rel}","templated":true}]}}